{"id":968,"date":"2015-06-15T20:04:51","date_gmt":"2015-06-16T00:04:51","guid":{"rendered":"http:\/\/pcsource.webeasysite.us\/newwebsite\/wp\/?page_id=968&#038;lang=fr"},"modified":"2015-06-19T11:04:35","modified_gmt":"2015-06-19T15:04:35","slug":"a-propos-de-nous","status":"publish","type":"page","link":"https:\/\/pcsource.ca\/fr\/accueil\/contactez-nous\/a-propos-de-nous\/","title":{"rendered":"\u00c0 propos de nous"},"content":{"rendered":"<p><img loading=\"lazy\" decoding=\"async\" class=\"alignleft size-full wp-image-827\" src=\"http:\/\/www.pcsource.ca\/wp-content\/uploads\/2015\/05\/CompTIA_-_Cert-logo-usage_svg2.jpg\" alt=\"CompTIA_-_Cert-logo-usage_svg2\" width=\"150\" height=\"89\" \/><img loading=\"lazy\" decoding=\"async\" class=\"alignright size-full wp-image-834\" src=\"http:\/\/www.pcsource.ca\/wp-content\/uploads\/2015\/05\/itil-1024x812RE.jpg\" alt=\"itil-1024x812RE\" width=\"150\" height=\"118\" \/>Nous allons au-del\u00e0 de vos attentes et vous offrons des prix comp\u00e9titifs. Nos techniciens professionnels sont dipl\u00f4m\u00e9s en informatique, ITILv3, et\u00a0certifi\u00e9s CompTIA A+.<\/p>\n<p>&nbsp;<\/p>\n<p>&nbsp;<\/p>\n<p>&nbsp;<\/p>\n<p>&nbsp;<\/p>\n<p>&nbsp;<\/p>\n","protected":false},"excerpt":{"rendered":"Nous allons au-del\u00e0 de vos attentes et vous offrons des prix comp\u00e9titifs. Nos techniciens professionnels sont dipl\u00f4m\u00e9s en informatique, ITILv3, et\u00a0certifi\u00e9s CompTIA A+. &nbsp; &nbsp; &nbsp; &nbsp; &nbsp;","protected":false},"author":1,"featured_media":0,"parent":953,"menu_order":0,"comment_status":"open","ping_status":"open","template":"page-fullwidth.php","meta":{"footnotes":""},"class_list":["post-968","page","type-page","status-publish","hentry"],"_links":{"self":[{"href":"https:\/\/pcsource.ca\/fr\/wp-json\/wp\/v2\/pages\/968","targetHints":{"allow":["GET"]}}],"collection":[{"href":"https:\/\/pcsource.ca\/fr\/wp-json\/wp\/v2\/pages"}],"about":[{"href":"https:\/\/pcsource.ca\/fr\/wp-json\/wp\/v2\/types\/page"}],"author":[{"embeddable":true,"href":"https:\/\/pcsource.ca\/fr\/wp-json\/wp\/v2\/users\/1"}],"replies":[{"embeddable":true,"href":"https:\/\/pcsource.ca\/fr\/wp-json\/wp\/v2\/comments?post=968"}],"version-history":[{"count":3,"href":"https:\/\/pcsource.ca\/fr\/wp-json\/wp\/v2\/pages\/968\/revisions"}],"predecessor-version":[{"id":1172,"href":"https:\/\/pcsource.ca\/fr\/wp-json\/wp\/v2\/pages\/968\/revisions\/1172"}],"up":[{"embeddable":true,"href":"https:\/\/pcsource.ca\/fr\/wp-json\/wp\/v2\/pages\/953"}],"wp:attachment":[{"href":"https:\/\/pcsource.ca\/fr\/wp-json\/wp\/v2\/media?parent=968"}],"curies":[{"name":"wp","href":"https:\/\/api.w.org\/{rel}","templated":true}]}}