{"id":935,"date":"2015-06-14T20:06:32","date_gmt":"2015-06-15T00:06:32","guid":{"rendered":"http:\/\/pcsource.webeasysite.us\/newwebsite\/wp\/?page_id=935&#038;lang=fr"},"modified":"2015-12-30T16:15:36","modified_gmt":"2015-12-30T21:15:36","slug":"services","status":"publish","type":"page","link":"https:\/\/pcsource.ca\/fr\/services\/","title":{"rendered":"Services"},"content":{"rendered":"<div class=\"mp-row-fluid motopress-row mpce-dsbl-margin-left mpce-dsbl-margin-right\">\n<div class=\"mp-span4 motopress-clmn  mpce-dsbl-margin-left mpce-dsbl-margin-right\">\n<div class=\"motopress-code-obj\">\n<span class=\"dropcap\">1<\/span><!-- .dropcap (end) -->\n<h1>Services informatiques<\/h1>\n<h2>pour particuliers<\/h2>\n<div class=\"clear\"><\/div>\n<ul>\n<li><span style=\"color: #ff6600;\">Service\u00a0\u00e0 domicile le jour m\u00eame<\/span><\/li>\n<li><span style=\"color: #ff6600;\">Techniciens Certifi\u00e9s<\/span><\/li>\n<li><span style=\"color: #ff6600;\">\u00c9limination de virus et de logiciels espions<\/span><\/li>\n<li><span style=\"color: #ff6600;\">Configuration de r\u00e9seau sans fil<\/span><\/li>\n<li><span style=\"color: #ff6600;\">Mise \u00e0 jour de syst\u00e8me d&rsquo;exploitation et Composants<\/span><\/li>\n<li><span style=\"color: #ff6600;\">Configuration de syst\u00e8me multim\u00e9dia<\/span><\/li>\n<li><span style=\"color: #ff6600;\">Configuration de Windows 8\/8.1 &#8211; l\u2019interface de Windows 7<\/span><\/li>\n<li><span style=\"color: #ff6600;\">Progiciel d\u2019optimisation pour PC<\/span><\/li>\n<li><span style=\"color: #ff6600;\">Formation &#8211; Nous r\u00e9pondons \u00e0 toutes vos&#8230;<\/span><\/li>\n<li><span style=\"color: #ff6600;\">T\u00e9l\u00e9phonie par Voix (VoIP) &#8211; CA\/EU \u00e0 moindre co\u00fbt<\/span><\/li>\n<li><span style=\"color: #ff6600;\">Assemblage d\u2019ordinateur sur mesure<\/span><\/li>\n<\/ul>\n<\/div>\n<\/div>\n<div class=\"mp-span4 motopress-clmn  mpce-dsbl-margin-left mpce-dsbl-margin-right\">\n<div class=\"motopress-code-obj\">\n<span class=\"dropcap\">2<\/span><!-- .dropcap (end) -->\n<h1>Services aux petites<\/h1>\n<h2>entreprises<\/h2>\n<div class=\"clear\"><\/div>\n<ul>\n<li><span style=\"color: #ff6600;\">Conception Web<\/span><\/li>\n<li><span style=\"color: #ff6600;\">H\u00e9bergement de sites Web<\/span><\/li>\n<li><span style=\"color: #ff6600;\">Contrats d\u2019entretien<\/span><\/li>\n<li><span style=\"color: #ff6600;\">Solutions de sauvegarde<\/span><\/li>\n<li><span style=\"color: #ff6600;\">R\u00e9cup\u00e9ration de donn\u00e9es<\/span><\/li>\n<li><span style=\"color: #ff6600;\">Mise \u00e0 niveau mat\u00e9rielle<\/span><\/li>\n<li><span style=\"color: #ff6600;\">Installation d\u2019\u00e9quipement OEM<\/span><\/li>\n<li><span style=\"color: #ff6600;\">C\u00e2blage r\u00e9seau<\/span><\/li>\n<li><span style=\"color: #ff6600;\">C\u00e2blage<\/span><\/li>\n<li><span style=\"color: #ff6600;\">Diplome ITILv3<\/span><\/li>\n<li><span style=\"color: #ff6600;\">T\u00e9l\u00e9phonie par Voix (VoIP) &#8211; CA\/EU \u00e0 moindre co\u00fbt<\/span><\/li>\n<li><span style=\"color: #ff6600;\">Assemblage d\u2019ordinateurs personnalis\u00e9s<\/span><\/li>\n<\/ul>\n<\/div>\n<\/div>\n<div class=\"mp-span4 motopress-clmn  mpce-dsbl-margin-left mpce-dsbl-margin-right\">\n<div class=\"motopress-code-obj\">\n<span class=\"dropcap\">3<\/span><!-- .dropcap (end) -->\n<h1>Composants<\/h1>\n<h2><\/h2>\n<div class=\"clear\"><\/div>\n<ul>\n<li><span style=\"color: #ff6600;\"><a href=\"http:\/\/www.pcsource.ca\/fr\/categorie-produit\/ordinateurs-de-bureau-fr\/\" target=\"_blank\">Ordinateurs<\/a><\/span><\/li>\n<li><span style=\"color: #ff6600;\"><a href=\"http:\/\/www.pcsource.ca\/fr\/categorie-produit\/ordinateurs-portatifs\/\" target=\"_blank\">Odinatuers portatifs<\/a><\/span><\/li>\n<li><span style=\"color: #ff6600;\"><a href=\"http:\/\/www.pcsource.ca\/fr\/categorie-produit\/reseautage-fr\/routeurs-fr\/\" target=\"_blank\">Routeurs<\/a> \/ <a href=\"http:\/\/www.pcsource.ca\/fr\/categorie-produit\/commutateurs-ethernet\/\" target=\"_blank\">Commutateurs Ethernet<\/a><\/span><\/li>\n<li><span style=\"color: #ff6600;\"><a href=\"http:\/\/www.pcsource.ca\/fr\/categorie-produit\/moniteurs\/\" target=\"_blank\">Moniteurs<\/a><\/span><\/li>\n<li><span style=\"color: #ff6600;\"><a href=\"http:\/\/www.pcsource.ca\/fr\/categorie-produit\/clavier\/\" target=\"_blank\">Claviers &amp; Souris<\/a><\/span><\/li>\n<li><span style=\"color: #ff6600;\"><a href=\"http:\/\/www.pcsource.ca\/fr\/categorie-produit\/disques-durs-externes\/\" target=\"_blank\">Disques durs Externes<\/a><\/span><span style=\"color: #ff6600;\"> \/ <a href=\"http:\/\/www.pcsource.ca\/fr\/categorie-produit\/disques-durs-internes\/\" target=\"_blank\">Internes<\/a><\/span><\/li>\n<li><span style=\"color: #ff6600;\"><a href=\"http:\/\/www.pcsource.ca\/fr\/categorie-produit\/memoires\/\" target=\"_blank\">M\u00e9moires pour ordinateur<\/a><\/span><\/li>\n<li><span style=\"color: #ff6600;\"><a href=\"http:\/\/www.pcsource.ca\/fr\/categorie-produit\/memoires-flash-usb-cartes-sd-msd-etc\/cle-usb\/\" target=\"_blank\">Cl\u00e9s USB<\/a> &#8211; <a href=\"http:\/\/www.pcsource.ca\/fr\/categorie-produit\/memoires-flash-usb-cartes-sd-msd-etc\/cartes-microsd\/\" target=\"_blank\">Cartes Micro SD<\/a><\/span><\/li>\n<li><span style=\"color: #ff6600;\"><a href=\"http:\/\/www.pcsource.ca\/fr\/categorie-produit\/cables-de-reseautage\/\" target=\"_blank\">Cables de R\u00e9seau<\/a> &amp; <a href=\"http:\/\/www.pcsource.ca\/fr\/categorie-produit\/cables-hdmi\/\" target=\"_blank\">HDMI<\/a><\/span><\/li>\n<li><span style=\"color: #ff6600;\"><a href=\"http:\/\/www.pcsource.ca\/fr\/categorie-produit\/cartes-de-reseau\/\" target=\"_blank\">Cartes de r\u00e9seau<\/a><\/span><\/li>\n<\/ul>\n<p style=\"text-align: center;\"><a href=\"http:\/\/www.pcsource.ca\/fr\/magazinez\/\" title=\"<strong>Magasinez<\/strong>\" class=\"button\"><strong>Magasinez<\/strong><\/a><!-- .button (end) -->\n<\/div>\n<\/div>\n<\/div>\n<div class=\"mp-row-fluid motopress-row mpce-dsbl-margin-left mpce-dsbl-margin-right\">\n<div class=\"mp-span12 motopress-clmn  mpce-dsbl-margin-left mpce-dsbl-margin-right\">\n<div class=\"motopress-text-obj\">\n<h1 style=\"text-align: center;\"><span style=\"color: #808080; font-size: 18px;\">Obtenez <span style=\"color: #ff6600;\">10% de rabais<\/span> sur tout achat de 50$ et plus lors de votre prochain service avec nous.<\/span><\/h1>\n<\/div>\n<\/div>\n<\/div>\n<div class=\"mp-row-fluid motopress-row mpce-dsbl-margin-left mpce-dsbl-margin-right\">\n<div class=\"mp-span4 motopress-clmn  mpce-dsbl-margin-left mpce-dsbl-margin-right\">\n<div class=\"motopress-posts_slider-obj mp-flexslider-obj flexslider\" data-post-type=\"product\" id=\"69eac1de7978d\"><div class=\"motopress-flexslider\"><div class=\"viewport\" style=\"overflow: hidden;\"><ul class=\"slides\"><li><a class=\"motopress-slide-link\" href=\"https:\/\/pcsource.ca\/fr\/produit\/orico-chargeur-4-ports-%e2%80%8b%e2%80%8busb-avec-tarification-intelligente-compatible-avec-iphone-5s-5c-ipad-galxy-nexus-etc\/\"><div class=\"motopress-ps-thumbnail mp-ce-align-left\"><img decoding=\"async\" src=\"https:\/\/www.pcsource.ca\/wp-content\/uploads\/2015\/09\/ORICOBL1-150x150.jpg\" alt=\"\"><\/div><h3>Orico &#8211; Chargeur 4 Ports \u200b\u200bUSB avec tarification intelligente \u2013 Compatible avec iPhone 5S 5C, iPad, Galxy, Nexus&#8230;etc<\/h3><div class=\"motopress-ps-description\"><\/div><\/a><\/li><li><a class=\"motopress-slide-link\" href=\"https:\/\/pcsource.ca\/fr\/produit\/orico-40w-5-ports-%e2%80%8b%e2%80%8busb-chargeur-pour-iphone-ipad-air-samsung-galaxy-s6-nexus-htc-m9-lumia-et-etc-2-x-5v-2-4a-et-3-x-5v-1a-port-usb-blanc\/\"><div class=\"motopress-ps-thumbnail mp-ce-align-left\"><img decoding=\"async\" src=\"https:\/\/www.pcsource.ca\/wp-content\/uploads\/2015\/09\/Orico-w-cord-Whitejpg1-150x150.jpg\" alt=\"\"><\/div><h3>Orico 40W 5 Ports \u200b\u200bUSB &#8211; Chargeur pour iPhone, iPad Air, Samsung Galaxy S6, Nexus, HTC M9, Lumia..etc, 2 x 5V 2.4A et 3 x 5V 1A Ports USB &#8211; Blanc<\/h3><div class=\"motopress-ps-description\"><\/div><\/a><\/li><li><a class=\"motopress-slide-link\" href=\"https:\/\/pcsource.ca\/fr\/produit\/1-go-de-g-skill-240-pin-ddr2-sdram-800-pc2-6400\/\"><div class=\"motopress-ps-thumbnail mp-ce-align-left\"><img decoding=\"async\" src=\"https:\/\/www.pcsource.ca\/wp-content\/uploads\/2015\/09\/G.SKILL-1GB-240-Pin-DDR2-SDRAM-DDR2-800-PC2-6400-Desktop-Memory-Model-F2-6400CL5S-1GBNT-150x150.jpg\" alt=\"\"><\/div><h3>1 Go de G.Skill 240-Broches DDR2 SDRAM 800 (PC2 6400)<\/h3><div class=\"motopress-ps-description\"><\/div><\/a><\/li><li><a class=\"motopress-slide-link\" href=\"https:\/\/pcsource.ca\/fr\/produit\/antec-kuhler-h2o-1250-systeme-de-refroidissement-liquide-240-mm-pour-intel-lga-77511501155115613662011-et-amd-am2am2am3am3fm1fm2\/\"><div class=\"motopress-ps-thumbnail mp-ce-align-left\"><img decoding=\"async\" src=\"https:\/\/www.pcsource.ca\/wp-content\/uploads\/2015\/09\/antec-a-150x150.jpg\" alt=\"\"><\/div><h3>Antec (KUHLER H2O 1250) &#8211; Syst\u00e8me de refroidissement liquide 240 mm &#8211; Pour Intel LGA 775\/1150\/1155\/1156\/1366\/2011 et AMD: AM2\/AM2+\/AM3\/AM3+\/FM1\/FM2<\/h3><div class=\"motopress-ps-description\"><\/div><\/a><\/li><li><a class=\"motopress-slide-link\" href=\"https:\/\/pcsource.ca\/fr\/produit\/ensemble-clavier-et-souris-optique-sans-fil-microsoft-2000-m7j-00001\/\"><div class=\"motopress-ps-thumbnail mp-ce-align-left\"><img decoding=\"async\" src=\"https:\/\/www.pcsource.ca\/wp-content\/uploads\/2015\/09\/Microsoft-Wireless-Desktop-2000-M7J-00001-Black-104-Normal-Keys-USB-RF-Wireless-Ergonomic-Keyboard-Mouse-150x150.jpg\" alt=\"\"><\/div><h3>Ensemble clavier et souris optique sans fil &#8211; Microsoft  2000 M7J-00001<\/h3><div class=\"motopress-ps-description\"><\/div><\/a><\/li><\/ul><\/div><\/div><p class=\"motopress-hide-script\"><script>jQuery(document).ready(function($) {var mpPostsSlider = $('.motopress-posts_slider-obj#69eac1de7978d .motopress-flexslider');\r\n\t\t\t\t\t\tif (mpPostsSlider.data('flexslider')) {\r\n\t\t\t\t\t\t\tmpPostsSlider.flexslider('destroy');\r\n\t\t\t\t\t\t} if(!true) $('.motopress-posts_slider-obj.mp-flexslider-obj.flexslider#69eac1de7978d').addClass('zero-margin');mpPostsSlider.flexslider({animation: 'fade',animationLoop: true,smoothHeight: false,slideshow: true,slideshowSpeed: 3000,maxItems: '5',controlNav: true,pauseOnHover: 'true',prevText: '',nextText: ''});});<\/script><\/p><\/div>\n<\/div>\n<div class=\"mp-span4 motopress-clmn  mpce-dsbl-margin-left mpce-dsbl-margin-right\">\n<div class=\"motopress-posts_slider-obj mp-flexslider-obj flexslider\" data-post-type=\"product\" id=\"69eac1df352e4\"><div class=\"motopress-flexslider\"><div class=\"viewport\" style=\"overflow: hidden;\"><ul class=\"slides\"><li><a class=\"motopress-slide-link\" href=\"https:\/\/pcsource.ca\/fr\/produit\/trendnet-teg-s81g-commutateur-de-bureau-a-8-ports-101001000-mbits-non-administrable\/\"><div class=\"motopress-ps-thumbnail mp-ce-align-left\"><img decoding=\"async\" src=\"https:\/\/www.pcsource.ca\/wp-content\/uploads\/2016\/01\/TRENDnet-TEG-S81g-Unmanaged-8-Port-Gigabit-GREENnet-Switch-150x150.jpg\" alt=\"\"><\/div><h3>TRENDnet TEG-S81g Commutateur de bureau \u00e0 8 ports 10\/100\/1000 Mbit\/s non administrable<\/h3><div class=\"motopress-ps-description\"><\/div><\/a><\/li><li><a class=\"motopress-slide-link\" href=\"https:\/\/pcsource.ca\/fr\/produit\/adapteur-usb-nano-sans-fil-n150-de-edimax-150-mbits\/\"><div class=\"motopress-ps-thumbnail mp-ce-align-left\"><img decoding=\"async\" src=\"https:\/\/www.pcsource.ca\/wp-content\/uploads\/2015\/12\/EDIMAX-EW-7811Un-Wireless-nano-Adapter-N150-USB-2.0--150x150.jpg\" alt=\"EDIMAX EW-7811Un Wireless nano Adapter N150 USB 2.0\"><\/div><h3>Adapteur USB Nano sans fil N150 de EDIMAX \u2013 150 Mbit\/s<\/h3><div class=\"motopress-ps-description\"><\/div><\/a><\/li><li><a class=\"motopress-slide-link\" href=\"https:\/\/pcsource.ca\/fr\/produit\/adapteur-usb-nano-sans-fil-n150-de-tp-link-150-mbits\/\"><div class=\"motopress-ps-thumbnail mp-ce-align-left\"><img decoding=\"async\" src=\"https:\/\/www.pcsource.ca\/wp-content\/uploads\/2015\/12\/TP-LINK-TL-WN725N-Nano-Wireless-1-150x150.jpg\" alt=\"TP-LINK TL-WN725N Nano Wireless\"><\/div><h3>Adapteur USB Nano sans fil N150 de TP-LINK &#8211; 150 Mbit\/s<\/h3><div class=\"motopress-ps-description\"><\/div><\/a><\/li><li><a class=\"motopress-slide-link\" href=\"https:\/\/pcsource.ca\/fr\/produit\/logitech-s120-systeme-de-haut-parleurs-2-0\/\"><div class=\"motopress-ps-thumbnail mp-ce-align-left\"><img decoding=\"async\" src=\"https:\/\/www.pcsource.ca\/wp-content\/uploads\/2015\/12\/logitech-s120-150x150.jpg\" alt=\"\"><\/div><h3>Logitech S120 \u2013 Syst\u00e8me de haut-parleurs 2.0<\/h3><div class=\"motopress-ps-description\"><\/div><\/a><\/li><li><a class=\"motopress-slide-link\" href=\"https:\/\/pcsource.ca\/fr\/produit\/souris-optique-2-4-ghz-sans-fil-esource-bourgogne\/\"><div class=\"motopress-ps-thumbnail mp-ce-align-left\"><img decoding=\"async\" src=\"https:\/\/www.pcsource.ca\/wp-content\/uploads\/2015\/12\/esource-mouse-150x150.jpg\" alt=\"\"><\/div><h3>Souris optique 2.4 GHz sans fil eSource  \u2013 Bourgogne<\/h3><div class=\"motopress-ps-description\"><\/div><\/a><\/li><\/ul><\/div><\/div><p class=\"motopress-hide-script\"><script>jQuery(document).ready(function($) {var mpPostsSlider = $('.motopress-posts_slider-obj#69eac1df352e4 .motopress-flexslider');\r\n\t\t\t\t\t\tif (mpPostsSlider.data('flexslider')) {\r\n\t\t\t\t\t\t\tmpPostsSlider.flexslider('destroy');\r\n\t\t\t\t\t\t} if(!true) $('.motopress-posts_slider-obj.mp-flexslider-obj.flexslider#69eac1df352e4').addClass('zero-margin');mpPostsSlider.flexslider({animation: 'fade',animationLoop: true,smoothHeight: false,slideshow: true,slideshowSpeed: 3000,maxItems: '5',controlNav: true,pauseOnHover: 'true',prevText: '',nextText: ''});});<\/script><\/p><\/div>\n<\/div>\n<div class=\"mp-span4 motopress-clmn  mpce-dsbl-margin-left mpce-dsbl-margin-right\">\n<div class=\"motopress-posts_slider-obj mp-flexslider-obj flexslider\" data-post-type=\"product\" id=\"69eac1df421ca\"><div class=\"motopress-flexslider\"><div class=\"viewport\" style=\"overflow: hidden;\"><ul class=\"slides\"><li><a class=\"motopress-slide-link\" href=\"https:\/\/pcsource.ca\/fr\/produit\/rosewill-rnx-n300rtv2-routeur-sans-fil-n300-802-11-bgn-jusqua-300-mbits-wi-fi-data-rates-2-x-5-dbi\/\"><div class=\"motopress-ps-thumbnail mp-ce-align-left\"><img decoding=\"async\" src=\"https:\/\/www.pcsource.ca\/wp-content\/uploads\/2015\/09\/Rosewill-150x150.jpg\" alt=\"\"><\/div><h3>Rosewill-RNX-N300RTv2 &#8211; Routeur Sans fil N300 802.11 b\/g\/n Jusqu&rsquo;a 300 Mbit\/s WIFI 2x Ant. 5-dbi<\/h3><div class=\"motopress-ps-description\"><\/div><\/a><\/li><li><a class=\"motopress-slide-link\" href=\"https:\/\/pcsource.ca\/fr\/produit\/rosewill-sp-6340-systeme-de-haut-parleurs-2-1-pour-pc-jeux-musique-et-films\/\"><div class=\"motopress-ps-thumbnail mp-ce-align-left\"><img decoding=\"async\" src=\"https:\/\/www.pcsource.ca\/wp-content\/uploads\/2015\/09\/ROsewill-speakers-150x150.jpg\" alt=\"\"><\/div><h3>Rosewill SP-6340 \u2013 Syst\u00e8me de haut-parleurs 2.1 pour PC \u2013 Jeux, musique et films<\/h3><div class=\"motopress-ps-description\"><\/div><\/a><\/li><li><a class=\"motopress-slide-link\" href=\"https:\/\/pcsource.ca\/fr\/produit\/lg-22m35d-moniteur-panoramique-a-del-de-215-po-resolution-de-1920-x-1080-temps-de-reponse-de-5-ms-1-vga-dvi\/\"><div class=\"motopress-ps-thumbnail mp-ce-align-left\"><img decoding=\"async\" src=\"https:\/\/www.pcsource.ca\/wp-content\/uploads\/2015\/10\/LG-monitor-150x150.jpg\" alt=\"\"><\/div><h3>LG (22M35D) &#8211; Moniteur panoramique \u00e0 DEL de 21,5 po &#8212; R\u00e9solution de 1920 x 1080, Temps de r\u00e9ponse de 5 ms, 1VGA, 1DVI<\/h3><div class=\"motopress-ps-description\"><\/div><\/a><\/li><li><a class=\"motopress-slide-link\" href=\"https:\/\/pcsource.ca\/fr\/produit\/ecouteurs-jbl-j55i-avec-micro-noir\/\"><div class=\"motopress-ps-thumbnail mp-ce-align-left\"><img decoding=\"async\" src=\"https:\/\/www.pcsource.ca\/wp-content\/uploads\/2015\/10\/JBL-55I-150x150.jpg\" alt=\"\"><\/div><h3>\u00c9couteurs JBL J55i avec micro &#8211; Noir<\/h3><div class=\"motopress-ps-description\"><\/div><\/a><\/li><li><a class=\"motopress-slide-link\" href=\"https:\/\/pcsource.ca\/fr\/produit\/souris-optique-avec-fil-usb-de-rosewill-noir\/\"><div class=\"motopress-ps-thumbnail mp-ce-align-left\"><img decoding=\"async\" src=\"https:\/\/www.pcsource.ca\/wp-content\/uploads\/2015\/11\/ROSEWILL-MOUSE-WIRED2-150x150.jpg\" alt=\"\"><\/div><h3>Souris Optique avec fil USB de Rosewill &#8211; Noir<\/h3><div class=\"motopress-ps-description\"><\/div><\/a><\/li><\/ul><\/div><\/div><p class=\"motopress-hide-script\"><script>jQuery(document).ready(function($) {var mpPostsSlider = $('.motopress-posts_slider-obj#69eac1df421ca .motopress-flexslider');\r\n\t\t\t\t\t\tif (mpPostsSlider.data('flexslider')) {\r\n\t\t\t\t\t\t\tmpPostsSlider.flexslider('destroy');\r\n\t\t\t\t\t\t} if(!true) $('.motopress-posts_slider-obj.mp-flexslider-obj.flexslider#69eac1df421ca').addClass('zero-margin');mpPostsSlider.flexslider({animation: 'fade',animationLoop: true,smoothHeight: false,slideshow: true,slideshowSpeed: 3000,maxItems: '5',controlNav: true,pauseOnHover: 'true',prevText: '',nextText: ''});});<\/script><\/p><\/div>\n<\/div>\n<\/div>\n","protected":false},"excerpt":{"rendered":"","protected":false},"author":1,"featured_media":0,"parent":0,"menu_order":0,"comment_status":"open","ping_status":"open","template":"page-fullwidth.php","meta":{"footnotes":""},"class_list":["post-935","page","type-page","status-publish","hentry"],"_links":{"self":[{"href":"https:\/\/pcsource.ca\/fr\/wp-json\/wp\/v2\/pages\/935","targetHints":{"allow":["GET"]}}],"collection":[{"href":"https:\/\/pcsource.ca\/fr\/wp-json\/wp\/v2\/pages"}],"about":[{"href":"https:\/\/pcsource.ca\/fr\/wp-json\/wp\/v2\/types\/page"}],"author":[{"embeddable":true,"href":"https:\/\/pcsource.ca\/fr\/wp-json\/wp\/v2\/users\/1"}],"replies":[{"embeddable":true,"href":"https:\/\/pcsource.ca\/fr\/wp-json\/wp\/v2\/comments?post=935"}],"version-history":[{"count":31,"href":"https:\/\/pcsource.ca\/fr\/wp-json\/wp\/v2\/pages\/935\/revisions"}],"predecessor-version":[{"id":1935,"href":"https:\/\/pcsource.ca\/fr\/wp-json\/wp\/v2\/pages\/935\/revisions\/1935"}],"wp:attachment":[{"href":"https:\/\/pcsource.ca\/fr\/wp-json\/wp\/v2\/media?parent=935"}],"curies":[{"name":"wp","href":"https:\/\/api.w.org\/{rel}","templated":true}]}}